{"id":152,"date":"2016-12-14T13:10:36","date_gmt":"2016-12-14T13:10:36","guid":{"rendered":"http:\/\/recycle.orionthemes.com\/demo-1\/?page_id=152"},"modified":"2021-10-09T15:04:33","modified_gmt":"2021-10-09T15:04:33","slug":"about","status":"publish","type":"page","link":"https:\/\/mgcindustrial.com\/inicio\/about\/","title":{"rendered":"Sobre Nostros"},"content":{"rendered":"<div id=\"pl-152\"  class=\"panel-layout\" ><div id=\"pg-152-0\"  class=\"panel-grid panel-no-style\" ><div id=\"pgc-152-0-0\"  class=\"panel-grid-cell\" ><div id=\"panel-152-0-0-0\" class=\"so-panel widget widget_sow-hero panel-first-child panel-last-child\" data-index=\"0\" ><div class=\"orion default panel-widget-style panel-widget-style-for-152-0-0-0\" ><div\n\t\t\t\n\t\t\tclass=\"so-widget-sow-hero so-widget-sow-hero-default-a980d0d7332c-152 so-widget-fittext-wrapper\"\n\t\t\t data-fit-text-compressor=\"0.85\"\n\t\t>\t\t\t\t<div class=\"sow-slider-base\" style=\"display: none\" tabindex=\"0\">\n\t\t\t\t\t<ul\n\t\t\t\t\tclass=\"sow-slider-images\"\n\t\t\t\t\tdata-settings=\"{&quot;pagination&quot;:true,&quot;speed&quot;:800,&quot;timeout&quot;:8000,&quot;paused&quot;:false,&quot;pause_on_hover&quot;:false,&quot;swipe&quot;:true,&quot;nav_always_show_desktop&quot;:&quot;&quot;,&quot;nav_always_show_mobile&quot;:&quot;&quot;,&quot;breakpoint&quot;:&quot;780px&quot;,&quot;unmute&quot;:false,&quot;anchor&quot;:null}\"\n\t\t\t\t\tstyle=\"min-height: 620px\"\t\t\t\t\tdata-anchor-id=\"\"\n\t\t\t\t>\t\t<li class=\"sow-slider-image  sow-slider-image-cover\" style=\"visibility: visible;;background-color: #333333\" >\n\t\t\t\t\t<div class=\"sow-slider-image-container\">\n\t\t\t<div class=\"sow-slider-image-wrapper\">\n\t\t\t\t<h1 style=\"text-align: center\">SOBRE NOSOTROS<\/h1>\n<div class=\"sow-hero-buttons\" style=\"text-align: center\"><div\n\t\t\t\n\t\t\tclass=\"so-widget-sow-button so-widget-sow-button-wire-448e98d598a3\"\n\t\t\t\n\t\t><div class=\"ow-button-base ow-button-align-center\"\n>\n\t\t\t<a\n\t\t\t\tclass=\"sowb-button ow-icon-placement-left ow-button-hover\" \t>\n\t\t<span>\n\t\t\t\n\t\t\tCONTACTANOS\t\t<\/span>\n\t\t\t<\/a>\n\t<\/div>\n<\/div><\/div>\n\t\t\t<\/div>\n\t\t<\/div>\n\t\t<div class=\"sow-slider-image-overlay sow-slider-image-cover\" style=\"opacity: 0.4;background-image: url(https:\/\/mgcindustrial.com\/inicio\/wp-content\/uploads\/2021\/09\/IMG_20210316_075923-scaled.jpg)\"  ><\/div>\t\t<\/li>\n\t\t<\/ul>\t\t\t\t<ol class=\"sow-slider-pagination\">\n\t\t\t\t\t\t\t\t\t\t\t<li><a href=\"#\" data-goto=\"0\" aria-label=\"mostrar diapositiva 1\"><\/a><\/li>\n\t\t\t\t\t\t\t\t\t<\/ol>\n\n\t\t\t\t<div class=\"sow-slide-nav sow-slide-nav-next\">\n\t\t\t\t\t<a href=\"#\" data-goto=\"next\" aria-label=\"diapositiva siguiente\" data-action=\"next\">\n\t\t\t\t\t\t<em class=\"sow-sld-icon-thin-right\"><\/em>\n\t\t\t\t\t<\/a>\n\t\t\t\t<\/div>\n\n\t\t\t\t<div class=\"sow-slide-nav sow-slide-nav-prev\">\n\t\t\t\t\t<a href=\"#\" data-goto=\"previous\" aria-label=\"diapositiva anterior\" data-action=\"prev\">\n\t\t\t\t\t\t<em class=\"sow-sld-icon-thin-left\"><\/em>\n\t\t\t\t\t<\/a>\n\t\t\t\t<\/div>\n\t\t\t\t<\/div><\/div><\/div><\/div><\/div><\/div><div id=\"pg-152-1\"  class=\"panel-grid panel-no-style\" ><div id=\"pgc-152-1-0\"  class=\"panel-grid-cell panel-grid-cell-empty\" ><\/div><div id=\"pgc-152-1-1\"  class=\"panel-grid-cell panel-grid-cell-mobile-last\" ><div id=\"panel-152-1-1-0\" class=\"so-panel widget widget_sow-headline panel-first-child panel-last-child\" data-index=\"1\" ><div class=\"orion default panel-widget-style panel-widget-style-for-152-1-1-0\" ><div\n\t\t\t\n\t\t\tclass=\"so-widget-sow-headline so-widget-sow-headline-default-81140f4e87c6-152 so-widget-fittext-wrapper\"\n\t\t\t data-fit-text-compressor=\"0.85\"\n\t\t><div class=\"sow-headline-container \">\n\t\t\t\t\t\t\t<h2 class=\"sow-headline\">\n\t\t\t\t\t\t\t\t\t\t\t\t\t<a href=\"https:\/\/mgcindustrial.com\/inicio\/mgc-industrial\/\" >\n\t\t\t\t\t\t\t\tMGC INDUSTRIAL<\/a>\t\t\t\t\t\t<\/h2>\n\t\t\t\t\t\t\t\t\t\t\t\t<p class=\"sow-sub-headline\">\n\t\t\t\t\t\tMGC nace de la necesidad del mercado chileno por encontrar soluciones innovadoras a los distintos desaf\u00edos productivos y de mejora de procesos, enfocados principalmente a aplicaciones metalmec\u00e1nicas. MGC Comercial e ingenier\u00eda cuenta con profesionales altamente calificados, buscando dar soporte t\u00e9cnico en la pre y post venta de equipos y maquinaria CNC, adem\u00e1s de los desarrollos de automatizaci\u00f3n, retrofit de equipos y montajes de l\u00edneas de producci\u00f3n automatizadas. Adem\u00e1s contamos con el respaldo de nuestros partner y proveedores del extranjero para encontrar la mejor alternativa a las necesidades especificas de cada cliente, entregando as\u00ed la soluci\u00f3n m\u00e1s concreta, optima y rentable. Todo esto con el fin de generar relaciones comerciales a largo plazo. Ser percibidos como lideres del mercado, entregando la mejor soluci\u00f3n y apoyando a nuestros clientes en sus desaf\u00edos de crecimiento, mejoras y automatizaci\u00f3n de procesos.\t\t\t\t\t\t<\/p>\n\t\t\t\t\t\t<\/div>\n<\/div><\/div><\/div><\/div><div id=\"pgc-152-1-2\"  class=\"panel-grid-cell panel-grid-cell-empty\" ><\/div><\/div><div id=\"pg-152-2\"  class=\"panel-grid panel-no-style\" ><div id=\"pgc-152-2-0\"  class=\"panel-grid-cell\" ><div id=\"panel-152-2-0-0\" class=\"so-panel widget widget_sow-headline panel-first-child\" data-index=\"2\" ><div class=\"orion default panel-widget-style panel-widget-style-for-152-2-0-0\" ><div\n\t\t\t\n\t\t\tclass=\"so-widget-sow-headline so-widget-sow-headline-default-3da2472a7375-152\"\n\t\t\t\n\t\t><div class=\"sow-headline-container \">\n\t<\/div>\n<\/div><\/div><\/div><div id=\"panel-152-2-0-1\" class=\"so-panel widget widget_sow-image-grid panel-last-child\" data-index=\"3\" ><div class=\"orion default panel-widget-style panel-widget-style-for-152-2-0-1\" ><div\n\t\t\t\n\t\t\tclass=\"so-widget-sow-image-grid so-widget-sow-image-grid-default-8f674e2ace91-152\"\n\t\t\t\n\t\t>\t<div\n\t\tclass=\"sow-image-grid-wrapper\"\n\t\tdata-max-width=\"277\"\t\tdata-max-height=\"200\"\t>\n\t\t\t\t\t<div class=\"sow-image-grid-image\">\n\t\t\t\t\t\t\t\t\t\t\t\t<img loading=\"lazy\" decoding=\"async\" width=\"300\" height=\"230\" src=\"https:\/\/mgcindustrial.com\/inicio\/wp-content\/uploads\/2021\/09\/Imagen-1-300x230.png\" class=\"sow-image-grid-image_html\" alt=\"\" title=\"Imagen 1\" srcset=\"https:\/\/mgcindustrial.com\/inicio\/wp-content\/uploads\/2021\/09\/Imagen-1-300x230.png 300w, https:\/\/mgcindustrial.com\/inicio\/wp-content\/uploads\/2021\/09\/Imagen-1.png 745w\" sizes=\"auto, (max-width: 300px) 100vw, 300px\" \/>\t\t\t\t\t\t\t\t\t\t\t<\/div>\n\t\t\t\t\t<div class=\"sow-image-grid-image\">\n\t\t\t\t\t\t\t\t\t\t\t\t<img loading=\"lazy\" decoding=\"async\" width=\"300\" height=\"224\" src=\"https:\/\/mgcindustrial.com\/inicio\/wp-content\/uploads\/2021\/09\/AImagen-1-300x224.png\" class=\"sow-image-grid-image_html\" alt=\"\" title=\"AImagen 1\" srcset=\"https:\/\/mgcindustrial.com\/inicio\/wp-content\/uploads\/2021\/09\/AImagen-1-300x224.png 300w, https:\/\/mgcindustrial.com\/inicio\/wp-content\/uploads\/2021\/09\/AImagen-1-555x416.png 555w, https:\/\/mgcindustrial.com\/inicio\/wp-content\/uploads\/2021\/09\/AImagen-1.png 558w\" sizes=\"auto, (max-width: 300px) 100vw, 300px\" \/>\t\t\t\t\t\t\t\t\t\t\t<\/div>\n\t\t\t\t\t<div class=\"sow-image-grid-image\">\n\t\t\t\t\t\t\t\t\t\t\t\t<img loading=\"lazy\" decoding=\"async\" width=\"300\" height=\"154\" src=\"https:\/\/mgcindustrial.com\/inicio\/wp-content\/uploads\/2021\/09\/ImagenJ-1-300x154.png\" class=\"sow-image-grid-image_html\" alt=\"\" title=\"ImagenJ 1\" srcset=\"https:\/\/mgcindustrial.com\/inicio\/wp-content\/uploads\/2021\/09\/ImagenJ-1-300x154.png 300w, https:\/\/mgcindustrial.com\/inicio\/wp-content\/uploads\/2021\/09\/ImagenJ-1-768x395.png 768w, https:\/\/mgcindustrial.com\/inicio\/wp-content\/uploads\/2021\/09\/ImagenJ-1-750x386.png 750w, https:\/\/mgcindustrial.com\/inicio\/wp-content\/uploads\/2021\/09\/ImagenJ-1.png 777w\" sizes=\"auto, (max-width: 300px) 100vw, 300px\" \/>\t\t\t\t\t\t\t\t\t\t\t<\/div>\n\t\t\t<\/div>\n<\/div><\/div><\/div><\/div><\/div><div id=\"pg-152-3\"  class=\"panel-grid panel-no-style\" ><div id=\"pgc-152-3-0\"  class=\"panel-grid-cell panel-grid-cell-empty\" ><\/div><div id=\"pgc-152-3-1\"  class=\"panel-grid-cell panel-grid-cell-mobile-last\" ><div id=\"panel-152-3-1-0\" class=\"so-panel widget widget_sow-headline panel-first-child\" data-index=\"4\" ><div class=\"orion default panel-widget-style panel-widget-style-for-152-3-1-0\" ><div\n\t\t\t\n\t\t\tclass=\"so-widget-sow-headline so-widget-sow-headline-default-db76928fbf87-152\"\n\t\t\t\n\t\t><div class=\"sow-headline-container \">\n\t\t\t\t\t\t\t<h2 class=\"sow-headline\">\n\t\t\t\t\t\t\t\t\t\t\t\t\t<a href=\"https:\/\/mgcindustrial.com\/inicio\/mgc-comercial\/\" >\n\t\t\t\t\t\t\t\tMGC Comercial<\/a>\t\t\t\t\t\t<\/h2>\n\t\t\t\t\t\t\t\t\t\t\t\t<p class=\"sow-sub-headline\">\n\t\t\t\t\t\tEntregamos una completa asesor\u00eda profesional, estudiando el proceso del cliente y entregando una soluci\u00f3n ajustada a sus requerimientos.\t\t\t\t\t\t<\/p>\n\t\t\t\t\t\t<\/div>\n<\/div><\/div><\/div><div id=\"panel-152-3-1-1\" class=\"so-panel widget widget_orion_responsive_video_w\" data-index=\"5\" ><div class=\"orion default panel-widget-style panel-widget-style-for-152-3-1-1\" ><div\n\t\t\t\n\t\t\tclass=\"so-widget-orion_responsive_video_w so-widget-orion_responsive_video_w-base\"\n\t\t\t\n\t\t>\t\r\n\r\n\t\t\t<a rel=\"v_69e2285c5b710\" data-fancybox=\"v_69e2285c5b710\"  class=\"swipebox-video swipebox relative\" href=\"https:\/\/vimeo.com\/599899816\">\r\n\t\t\t\t\t<img decoding=\"async\" src=\"https:\/\/mgcindustrial.com\/inicio\/wp-content\/uploads\/2021\/09\/IMG-20210701-WA0035.jpg\" alt=\"Play video\"\/>\r\n\t\t\t\t\t\t\t<div class=\"play-icon absolute text-light\">\r\n\t\t\t\t<i class=\"orionicon orionicon-play-circle-o\" aria-hidden=\"true\"><\/i>\r\n\t\t\t<\/div>\r\n\t\t\t<\/a>\r\n\t<\/div><\/div><\/div><div id=\"panel-152-3-1-2\" class=\"so-panel widget widget_orion_empty_space_w panel-last-child\" data-index=\"6\" ><div class=\"orion default panel-widget-style panel-widget-style-for-152-3-1-2\" ><div\n\t\t\t\n\t\t\tclass=\"so-widget-orion_empty_space_w so-widget-orion_empty_space_w-base\"\n\t\t\t\n\t\t>\t<div class=\"row empty-space  visible-lg visible-md visible-sm visible-xs\" style=\"height:74px;\">\r\n\t<\/div><\/div><\/div><\/div><\/div><div id=\"pgc-152-3-2\"  class=\"panel-grid-cell panel-grid-cell-empty\" ><\/div><\/div><\/div>","protected":false},"excerpt":{"rendered":"<p>SOBRE NOSOTROS CONTACTANOS MGC INDUSTRIAL MGC nace de la necesidad del mercado chileno por encontrar soluciones innovadoras a los distintos desaf\u00edos productivos y de mejora de procesos, enfocados principalmente a aplicaciones metalmec\u00e1nicas. MGC Comercial e ingenier\u00eda cuenta con profesionales altamente calificados, buscando dar soporte t\u00e9cnico en la pre y post venta de equipos y maquinaria<\/p>\n","protected":false},"author":1,"featured_media":1361,"parent":0,"menu_order":0,"comment_status":"closed","ping_status":"closed","template":"","meta":{"_joinchat":[],"footnotes":""},"class_list":["post-152","page","type-page","status-publish","has-post-thumbnail","hentry"],"_links":{"self":[{"href":"https:\/\/mgcindustrial.com\/inicio\/wp-json\/wp\/v2\/pages\/152","targetHints":{"allow":["GET"]}}],"collection":[{"href":"https:\/\/mgcindustrial.com\/inicio\/wp-json\/wp\/v2\/pages"}],"about":[{"href":"https:\/\/mgcindustrial.com\/inicio\/wp-json\/wp\/v2\/types\/page"}],"author":[{"embeddable":true,"href":"https:\/\/mgcindustrial.com\/inicio\/wp-json\/wp\/v2\/users\/1"}],"replies":[{"embeddable":true,"href":"https:\/\/mgcindustrial.com\/inicio\/wp-json\/wp\/v2\/comments?post=152"}],"version-history":[{"count":15,"href":"https:\/\/mgcindustrial.com\/inicio\/wp-json\/wp\/v2\/pages\/152\/revisions"}],"predecessor-version":[{"id":1762,"href":"https:\/\/mgcindustrial.com\/inicio\/wp-json\/wp\/v2\/pages\/152\/revisions\/1762"}],"wp:featuredmedia":[{"embeddable":true,"href":"https:\/\/mgcindustrial.com\/inicio\/wp-json\/wp\/v2\/media\/1361"}],"wp:attachment":[{"href":"https:\/\/mgcindustrial.com\/inicio\/wp-json\/wp\/v2\/media?parent=152"}],"curies":[{"name":"wp","href":"https:\/\/api.w.org\/{rel}","templated":true}]}}